{"id":6834,"date":"2021-08-04T10:19:27","date_gmt":"2021-08-04T10:19:27","guid":{"rendered":"http:\/\/linxbalears.com\/nosotros\/"},"modified":"2021-10-10T22:17:17","modified_gmt":"2021-10-10T22:17:17","slug":"about-us","status":"publish","type":"page","link":"https:\/\/linxbalears.com\/en\/about-us\/","title":{"rendered":"ABOUT US"},"content":{"rendered":"[vc_row type=&#8221;full_width_content&#8221; full_screen_row_position=&#8221;middle&#8221; column_margin=&#8221;default&#8221; equal_height=&#8221;yes&#8221; content_placement=&#8221;middle&#8221; column_direction=&#8221;default&#8221; column_direction_tablet=&#8221;default&#8221; column_direction_phone=&#8221;default&#8221; bg_color=&#8221;#ffffff&#8221; scene_position=&#8221;center&#8221; text_color=&#8221;dark&#8221; text_align=&#8221;left&#8221; row_border_radius=&#8221;none&#8221; row_border_radius_applies=&#8221;bg&#8221; overlay_strength=&#8221;0.3&#8243; gradient_direction=&#8221;left_to_right&#8221; shape_divider_position=&#8221;bottom&#8221; bg_image_animation=&#8221;none&#8221;][vc_column column_padding=&#8221;padding-10-percent&#8221; column_padding_tablet=&#8221;inherit&#8221; column_padding_phone=&#8221;inherit&#8221; column_padding_position=&#8221;all&#8221; column_element_spacing=&#8221;default&#8221; background_color_opacity=&#8221;1&#8243; background_hover_color_opacity=&#8221;1&#8243; column_shadow=&#8221;none&#8221; column_border_radius=&#8221;none&#8221; column_link_target=&#8221;_self&#8221; gradient_direction=&#8221;left_to_right&#8221; overlay_strength=&#8221;0.3&#8243; width=&#8221;1\/2&#8243; tablet_width_inherit=&#8221;default&#8221; tablet_text_alignment=&#8221;default&#8221; phone_text_alignment=&#8221;default&#8221; bg_image_animation=&#8221;none&#8221; border_type=&#8221;simple&#8221; column_border_width=&#8221;none&#8221; column_border_style=&#8221;solid&#8221;][vc_row_inner column_margin=&#8221;default&#8221; column_direction=&#8221;default&#8221; column_direction_tablet=&#8221;default&#8221; column_direction_phone=&#8221;default&#8221; text_align=&#8221;left&#8221;][vc_column_inner column_padding=&#8221;no-extra-padding&#8221; column_padding_tablet=&#8221;inherit&#8221; column_padding_phone=&#8221;inherit&#8221; column_padding_position=&#8221;all&#8221; column_element_spacing=&#8221;default&#8221; background_color_opacity=&#8221;1&#8243; background_hover_color_opacity=&#8221;1&#8243; column_shadow=&#8221;none&#8221; column_border_radius=&#8221;none&#8221; column_link_target=&#8221;_self&#8221; gradient_direction=&#8221;left_to_right&#8221; overlay_strength=&#8221;0.3&#8243; width=&#8221;1\/1&#8243; tablet_width_inherit=&#8221;default&#8221; bg_image_animation=&#8221;none&#8221; enable_animation=&#8221;true&#8221; animation=&#8221;fade-in-from-bottom&#8221; border_type=&#8221;simple&#8221; column_border_width=&#8221;none&#8221; column_border_style=&#8221;solid&#8221;][vc_column_text]\n<h2><span style=\"color: #262849;\">WHO ARE WE?<\/span><\/h2>\n[\/vc_column_text][divider line_type=&#8221;No Line&#8221; custom_height=&#8221;20&#8243;][vc_column_text]We are a company specializing in construction materials, we are situated in Carrer del Quatre de Novembre no. 18 in Palma de Mallorca and are renowned for our outstanding customer service. A company that has been at the top of their game for more than 25 years, constantly renewing itself within the sector, always adapting to the market of new products through study, learning and treatment. Our team is made up of ten workers who we consider &#8220;family&#8221; amongst ourselves.[\/vc_column_text][\/vc_column_inner][\/vc_row_inner][\/vc_column][vc_column column_padding=&#8221;no-extra-padding&#8221; column_padding_tablet=&#8221;inherit&#8221; column_padding_phone=&#8221;inherit&#8221; column_padding_position=&#8221;all&#8221; column_element_spacing=&#8221;default&#8221; background_color_opacity=&#8221;1&#8243; background_hover_color_opacity=&#8221;1&#8243; background_image=&#8221;7110&#8243; background_image_position=&#8221;center center&#8221; enable_bg_scale=&#8221;true&#8221; background_image_loading=&#8221;default&#8221; column_shadow=&#8221;none&#8221; column_border_radius=&#8221;none&#8221; column_link_target=&#8221;_self&#8221; gradient_direction=&#8221;left_to_right&#8221; overlay_strength=&#8221;0.3&#8243; width=&#8221;1\/2&#8243; tablet_width_inherit=&#8221;default&#8221; tablet_text_alignment=&#8221;default&#8221; phone_text_alignment=&#8221;default&#8221; bg_image_animation=&#8221;none&#8221; border_type=&#8221;simple&#8221; column_border_width=&#8221;none&#8221; column_border_style=&#8221;solid&#8221;][\/vc_column][\/vc_row][vc_row type=&#8221;full_width_content&#8221; full_screen_row_position=&#8221;middle&#8221; column_margin=&#8221;default&#8221; equal_height=&#8221;yes&#8221; content_placement=&#8221;middle&#8221; column_direction=&#8221;default&#8221; column_direction_tablet=&#8221;default&#8221; column_direction_phone=&#8221;default&#8221; bg_color=&#8221;#ffffff&#8221; scene_position=&#8221;center&#8221; text_color=&#8221;dark&#8221; text_align=&#8221;left&#8221; row_border_radius=&#8221;none&#8221; row_border_radius_applies=&#8221;bg&#8221; overlay_strength=&#8221;0.3&#8243; gradient_direction=&#8221;left_to_right&#8221; shape_divider_position=&#8221;bottom&#8221; bg_image_animation=&#8221;none&#8221;][vc_column column_padding=&#8221;no-extra-padding&#8221; column_padding_tablet=&#8221;inherit&#8221; column_padding_phone=&#8221;inherit&#8221; column_padding_position=&#8221;all&#8221; column_element_spacing=&#8221;default&#8221; background_color_opacity=&#8221;1&#8243; background_hover_color_opacity=&#8221;1&#8243; background_image=&#8221;6678&#8243; background_image_position=&#8221;left center&#8221; enable_bg_scale=&#8221;true&#8221; background_image_loading=&#8221;default&#8221; column_shadow=&#8221;none&#8221; column_border_radius=&#8221;none&#8221; column_link_target=&#8221;_self&#8221; gradient_direction=&#8221;left_to_right&#8221; overlay_strength=&#8221;0.3&#8243; width=&#8221;1\/2&#8243; tablet_width_inherit=&#8221;default&#8221; tablet_text_alignment=&#8221;default&#8221; phone_text_alignment=&#8221;default&#8221; bg_image_animation=&#8221;none&#8221; border_type=&#8221;simple&#8221; column_border_width=&#8221;none&#8221; column_border_style=&#8221;solid&#8221; offset=&#8221;vc_hidden-sm vc_hidden-xs&#8221;][\/vc_column][vc_column column_padding=&#8221;padding-10-percent&#8221; column_padding_tablet=&#8221;inherit&#8221; column_padding_phone=&#8221;inherit&#8221; column_padding_position=&#8221;all&#8221; column_element_spacing=&#8221;default&#8221; background_color_opacity=&#8221;1&#8243; background_hover_color_opacity=&#8221;1&#8243; column_shadow=&#8221;none&#8221; column_border_radius=&#8221;none&#8221; column_link_target=&#8221;_self&#8221; gradient_direction=&#8221;left_to_right&#8221; overlay_strength=&#8221;0.3&#8243; width=&#8221;1\/2&#8243; tablet_width_inherit=&#8221;default&#8221; tablet_text_alignment=&#8221;default&#8221; phone_text_alignment=&#8221;default&#8221; bg_image_animation=&#8221;none&#8221; border_type=&#8221;simple&#8221; column_border_width=&#8221;none&#8221; column_border_style=&#8221;solid&#8221;][vc_row_inner column_margin=&#8221;default&#8221; column_direction=&#8221;default&#8221; column_direction_tablet=&#8221;default&#8221; column_direction_phone=&#8221;default&#8221; text_align=&#8221;left&#8221;][vc_column_inner column_padding=&#8221;no-extra-padding&#8221; column_padding_tablet=&#8221;inherit&#8221; column_padding_phone=&#8221;inherit&#8221; column_padding_position=&#8221;all&#8221; column_element_spacing=&#8221;default&#8221; background_color_opacity=&#8221;1&#8243; background_hover_color_opacity=&#8221;1&#8243; column_shadow=&#8221;none&#8221; column_border_radius=&#8221;none&#8221; column_link_target=&#8221;_self&#8221; gradient_direction=&#8221;left_to_right&#8221; overlay_strength=&#8221;0.3&#8243; width=&#8221;1\/1&#8243; tablet_width_inherit=&#8221;default&#8221; bg_image_animation=&#8221;none&#8221; enable_animation=&#8221;true&#8221; animation=&#8221;fade-in-from-bottom&#8221; border_type=&#8221;simple&#8221; column_border_width=&#8221;none&#8221; column_border_style=&#8221;solid&#8221;][vc_column_text]\n<h2><span style=\"color: #262849;\">LEARN A LITTE MORE ABOUT US<\/span><\/h2>\n[\/vc_column_text][divider line_type=&#8221;No Line&#8221; custom_height=&#8221;20&#8243;][vc_column_text]Founded on the 26th August 1994 by Mr Francisco Sugra\u00f1es Baena, Linx Baleares SL. A visionary that saw the idea of encompassing a great variety of specialized products to cover the demand for the problems that were arising in the construction industry and enabling a quick and efficient answer. During its beginnings the company started by making ornate tiles and finishes for buildings, quick cement and coloured cement until the31st of<\/p>\n<p>December 1998. Up to this day, coloured cement is the star product of the company. In 1998 it became the official distributor of Ardex in Mallorca and from that moment started bringing more technical products to offer its customers, like asphalt fabric, pvc sheeting and Ardex mortar. In 2004 the installations of the firm were extended enabling it to store a more varied and technical stock and in 2008 we began working with international providers from Germany and Belgium for instance.<\/p>\n<p>We continued to improve our services and in 2014 took the initiative of selling at a national level, although we do specialize more in the Balearic islands. Actually, at this moment in time we are well consolidated in the Balearic market but never forgetting our beginnings. All our success is thanks to our great team of professionals who have years of experience in the sector, without them we would have been unable to form what is today Linx and for many a great family.[\/vc_column_text][\/vc_column_inner][\/vc_row_inner][\/vc_column][\/vc_row][vc_row type=&#8221;full_width_background&#8221; full_screen_row_position=&#8221;middle&#8221; column_margin=&#8221;default&#8221; column_direction=&#8221;default&#8221; column_direction_tablet=&#8221;default&#8221; column_direction_phone=&#8221;default&#8221; bg_color=&#8221;#f7f7f7&#8243; scene_position=&#8221;center&#8221; top_padding=&#8221;1%&#8221; constrain_group_1=&#8221;yes&#8221; bottom_padding=&#8221;1%&#8221; text_color=&#8221;dark&#8221; text_align=&#8221;left&#8221; row_border_radius=&#8221;none&#8221; row_border_radius_applies=&#8221;bg&#8221; id=&#8221;team&#8221; overlay_strength=&#8221;0.3&#8243; gradient_direction=&#8221;left_to_right&#8221; shape_divider_position=&#8221;bottom&#8221; bg_image_animation=&#8221;none&#8221; shape_type=&#8221;&#8221;][vc_column column_padding=&#8221;no-extra-padding&#8221; column_padding_tablet=&#8221;inherit&#8221; column_padding_phone=&#8221;inherit&#8221; column_padding_position=&#8221;all&#8221; column_element_spacing=&#8221;default&#8221; background_color_opacity=&#8221;1&#8243; background_hover_color_opacity=&#8221;1&#8243; column_shadow=&#8221;none&#8221; column_border_radius=&#8221;none&#8221; column_link_target=&#8221;_self&#8221; gradient_direction=&#8221;left_to_right&#8221; overlay_strength=&#8221;0.3&#8243; width=&#8221;1\/1&#8243; tablet_width_inherit=&#8221;default&#8221; tablet_text_alignment=&#8221;default&#8221; phone_text_alignment=&#8221;default&#8221; bg_image_animation=&#8221;none&#8221; border_type=&#8221;simple&#8221; column_border_width=&#8221;none&#8221; column_border_style=&#8221;solid&#8221;][carousel script=&#8221;flickity&#8221; flickity_formatting=&#8221;fixed_text_content_fullwidth&#8221; flickity_fixed_content=&#8221;<\/p>\n<h2>EQUIPO<\/h2>\n<p>Un equipo de personas dedicada y preparadas&#8221; flickity_fixed_content_alignment=&#8221;default&#8221; button_color=&#8221;Accent-Color&#8221; desktop_cols_flickity=&#8221;3&#8243; desktop_small_cols_flickity=&#8221;2&#8243; tablet_cols_flickity=&#8221;1&#8243; color=&#8221;default&#8221; column_padding=&#8221;0&#8243; flickity_element_spacing=&#8221;default&#8221; border_radius=&#8221;10px&#8221;][item simple_slider_bg_image_position=&#8221;default&#8221; simple_slider_overlay_strength=&#8221;0.3&#8243; id=&#8221;1633904044362-3&#8243; title=&#8221;Item&#8221; tab_id=&#8221;1633904044362-8&#8243;][team_member image_url=&#8221;7135&#8243; bio_image_url=&#8221;7138&#8243; team_memeber_style=&#8221;bio_fullscreen&#8221; image_loading=&#8221;default&#8221; team_member_bio_full_html=&#8221;simple&#8221; name=&#8221;XISCO&#8221; team_member_bio=&#8221;Francisco Sugra\u00f1es Salva, 7 a\u00f1os en la empresa. Director financiero, administra los cargos financieros de la empresa, supervisa y controla la empresa. Hijo del fundador Don Paco Sugra\u00f1es. Muy sociable y se adapta muy bien al cliente. Define la empresa \u201cEmpresa muy completa y atenta a cualquier adversidad.\u201d&#8221;][\/team_member][\/item][item simple_slider_bg_image_position=&#8221;default&#8221; simple_slider_overlay_strength=&#8221;0.3&#8243; id=&#8221;1633904044302-9&#8243; title=&#8221;Item&#8221; tab_id=&#8221;1633904044303-5&#8243;][team_member image_url=&#8221;7116&#8243; bio_image_url=&#8221;7119&#8243; team_memeber_style=&#8221;bio_fullscreen&#8221; image_loading=&#8221;default&#8221; team_member_bio_full_html=&#8221;simple&#8221; name=&#8221;JOSE LUIS&#8221; team_member_bio=&#8221;Jos\u00e9 Luis Lobo Mart\u00edn, 23 a\u00f1os en la empresa. Director general de Linx y se encarga de coordinar y supervisar la empresa. El d\u00eda a d\u00eda. Tambi\u00e9n lleva algunas funciones dentro de la contabilidad. Destaca en aconsejar muy bien al cliente. Lo definen como persona que est\u00e1 en todos lados y muy sincero. Destacar\u00eda la empresa como \u201cT\u00e9cnica y con mucho trato humano\u201d.&#8221;][\/team_member][\/item][item simple_slider_bg_image_position=&#8221;default&#8221; simple_slider_overlay_strength=&#8221;0.3&#8243; id=&#8221;1633904044343-0&#8243; title=&#8221;Item&#8221; tab_id=&#8221;1633904044344-6&#8243;][team_member image_url=&#8221;7129&#8243; bio_image_url=&#8221;7132&#8243; team_memeber_style=&#8221;bio_fullscreen&#8221; image_loading=&#8221;default&#8221; team_member_bio_full_html=&#8221;simple&#8221; name=&#8221;FRAN&#8221; team_member_bio=&#8221;Francisco Sugra\u00f1es Salva, 7 a\u00f1os en la empresa. Director financiero, administra los cargos financieros de la empresa, supervisa y controla la empresa. Hijo del fundador Don Paco Sugra\u00f1es. Muy sociable y se adapta muy bien al cliente. Define la empresa \u201cEmpresa muy completa y atenta a cualquier adversidad.\u201d&#8221;][\/team_member][\/item][item simple_slider_bg_image_position=&#8221;default&#8221; simple_slider_overlay_strength=&#8221;0.3&#8243; id=&#8221;1633904044382-4&#8243; title=&#8221;Item&#8221; tab_id=&#8221;1633904044383-1&#8243;][team_member image_url=&#8221;7141&#8243; bio_image_url=&#8221;7144&#8243; team_memeber_style=&#8221;bio_fullscreen&#8221; image_loading=&#8221;default&#8221; team_member_bio_full_html=&#8221;simple&#8221; name=&#8221;ANA&#8221; team_member_bio=&#8221;Ana Paulo P\u00e9rez, 15 a\u00f1os en la empresa. Responsable de la higiene, limpieza y desinfecci\u00f3n de las instalaciones de Linx Balears. La definen como persona muy sociable, humilde, trabajadora, responsable y con gran carisma. Define la empresa como \u201cEmpresa muy profesional con gran facilidad para ayudar al cliente\u201d&#8221;][\/team_member][\/item][item simple_slider_bg_image_position=&#8221;default&#8221; simple_slider_overlay_strength=&#8221;0.3&#8243; id=&#8221;1633904044404-7&#8243; title=&#8221;Item&#8221; tab_id=&#8221;1633904044405-5&#8243;][team_member image_url=&#8221;7123&#8243; bio_image_url=&#8221;7126&#8243; team_memeber_style=&#8221;bio_fullscreen&#8221; image_loading=&#8221;default&#8221; team_member_bio_full_html=&#8221;simple&#8221; name=&#8221;VICTOR&#8221; team_member_bio=&#8221;Victor Jodar Vidal, 6 a\u00f1os en la empresa. Jefe de almac\u00e9n, responsable de supervisar, controlar y gestionar el stock de los productos de nuestros almacenes. Adem\u00e1s de organizar el trabajo como la carga y descarga de productos, la preparaci\u00f3n de pedidos etc\u2026 .Transparente y exigente. Destacar\u00eda la empresa como \u201cUna gran familia\u201d.&#8221;][\/team_member][\/item][item simple_slider_bg_image_position=&#8221;default&#8221; simple_slider_overlay_strength=&#8221;0.3&#8243; id=&#8221;1633904044419-5&#8243; title=&#8221;Item&#8221; tab_id=&#8221;1633904044420-10&#8243;][team_member image_url=&#8221;7147&#8243; bio_image_url=&#8221;7150&#8243; team_memeber_style=&#8221;bio_fullscreen&#8221; image_loading=&#8221;default&#8221; team_member_bio_full_html=&#8221;simple&#8221; name=&#8221;JUANMA&#8221; team_member_bio=&#8221;Juan Manuel Fern\u00e1ndez Legido, a\u00f1os en la empresa. Responsable de administrar, supervisar y gestionar el trato con el cliente. Lo definen como la persona ideal para solucionar cualquier problema. Destacar\u00eda la empresa como \u201cUna gran familia\u201d.&#8221;][\/team_member][\/item][item simple_slider_bg_image_position=&#8221;default&#8221; simple_slider_overlay_strength=&#8221;0.3&#8243; id=&#8221;1633904044445-6&#8243; title=&#8221;Item&#8221; tab_id=&#8221;1633904044446-9&#8243;][team_member image_url=&#8221;7153&#8243; bio_image_url=&#8221;7156&#8243; team_memeber_style=&#8221;bio_fullscreen&#8221; image_loading=&#8221;default&#8221; team_member_bio_full_html=&#8221;simple&#8221; name=&#8221;MANOLO&#8221;][\/team_member][\/item][item simple_slider_bg_image_position=&#8221;default&#8221; simple_slider_overlay_strength=&#8221;0.3&#8243; id=&#8221;1633904044471-7&#8243; title=&#8221;Item&#8221; tab_id=&#8221;1633904044498-10&#8243;][team_member image_url=&#8221;7261&#8243; bio_image_url=&#8221;7162&#8243; team_memeber_style=&#8221;bio_fullscreen&#8221; image_loading=&#8221;default&#8221; team_member_bio_full_html=&#8221;simple&#8221; name=&#8221;GUILLERMO&#8221;][\/team_member][\/item][item simple_slider_bg_image_position=&#8221;default&#8221; simple_slider_overlay_strength=&#8221;0.3&#8243; id=&#8221;1633904044533-6&#8243; title=&#8221;Item&#8221; tab_id=&#8221;1633904044534-1&#8243;][team_member image_url=&#8221;7165&#8243; bio_image_url=&#8221;7168&#8243; team_memeber_style=&#8221;bio_fullscreen&#8221; image_loading=&#8221;default&#8221; team_member_bio_full_html=&#8221;simple&#8221; name=&#8221;ERICK&#8221;][\/team_member][\/item][item simple_slider_bg_image_position=&#8221;default&#8221; simple_slider_overlay_strength=&#8221;0.3&#8243; id=&#8221;1633904044555-5&#8243; title=&#8221;Item&#8221; tab_id=&#8221;1633904044555-3&#8243;][team_member image_url=&#8221;7243&#8243; bio_image_url=&#8221;7246&#8243; team_memeber_style=&#8221;bio_fullscreen&#8221; image_loading=&#8221;default&#8221; team_member_bio_full_html=&#8221;simple&#8221; name=&#8221;JOAN&#8221;][\/team_member][\/item][\/carousel][\/vc_column][\/vc_row][vc_row type=&#8221;full_width_background&#8221; full_screen_row_position=&#8221;middle&#8221; column_margin=&#8221;default&#8221; column_direction=&#8221;default&#8221; column_direction_tablet=&#8221;default&#8221; column_direction_phone=&#8221;default&#8221; bg_color=&#8221;#262849&#8243; bg_image=&#8221;5877&#8243; bg_position=&#8221;left top&#8221; background_image_loading=&#8221;default&#8221; bg_repeat=&#8221;no-repeat&#8221; video_bg=&#8221;use_video&#8221; video_external=&#8221;https:\/\/www.youtube.com\/watch?v=mJHjxWjhg5I&#8221; scene_position=&#8221;center&#8221; top_padding=&#8221;10%&#8221; constrain_group_1=&#8221;yes&#8221; bottom_padding=&#8221;10%&#8221; text_color=&#8221;light&#8221; text_align=&#8221;left&#8221; row_border_radius=&#8221;none&#8221; row_border_radius_applies=&#8221;bg&#8221; color_overlay=&#8221;rgba(10,10,10,0.7)&#8221; overlay_strength=&#8221;0.8&#8243; gradient_direction=&#8221;left_to_right&#8221; shape_divider_position=&#8221;bottom&#8221; shape_divider_height=&#8221;350&#8243; bg_image_animation=&#8221;zoom-out-reveal&#8221; parallax_bg=&#8221;true&#8221; parallax_bg_speed=&#8221;fast&#8221; shape_type=&#8221;mountains&#8221;][vc_column column_padding=&#8221;no-extra-padding&#8221; column_padding_tablet=&#8221;inherit&#8221; column_padding_phone=&#8221;inherit&#8221; column_padding_position=&#8221;all&#8221; column_element_spacing=&#8221;default&#8221; centered_text=&#8221;true&#8221; background_color_opacity=&#8221;1&#8243; background_hover_color_opacity=&#8221;1&#8243; column_shadow=&#8221;none&#8221; column_border_radius=&#8221;none&#8221; column_link_target=&#8221;_self&#8221; gradient_direction=&#8221;left_to_right&#8221; overlay_strength=&#8221;0.3&#8243; width=&#8221;1\/1&#8243; tablet_width_inherit=&#8221;default&#8221; tablet_text_alignment=&#8221;default&#8221; phone_text_alignment=&#8221;default&#8221; bg_image_animation=&#8221;none&#8221; border_type=&#8221;simple&#8221; column_border_width=&#8221;none&#8221; column_border_style=&#8221;solid&#8221;][nectar_video_lightbox link_style=&#8221;play_button_with_text&#8221; nectar_play_button_color=&#8221;Default-Accent-Color&#8221; nectar_play_button_style=&#8221;bordered_top&#8221; font_style=&#8221;h3&#8243; parent_hover_relationship=&#8221;1&#8243; video_url=&#8221;https:\/\/www.youtube.com\/watch?v=mJHjxWjhg5I&#8221; link_text=&#8221;\u00a1Con\u00f3cenos!&#8221;][\/vc_column][\/vc_row]\n","protected":false},"excerpt":{"rendered":"<p>[vc_row type=&#8221;full_width_content&#8221; full_screen_row_position=&#8221;middle&#8221; column_margin=&#8221;default&#8221; equal_height=&#8221;yes&#8221; content_placement=&#8221;middle&#8221; column_direction=&#8221;default&#8221; column_direction_tablet=&#8221;default&#8221; column_direction_phone=&#8221;default&#8221; bg_color=&#8221;#ffffff&#8221; scene_position=&#8221;center&#8221; text_color=&#8221;dark&#8221; text_align=&#8221;left&#8221; row_border_radius=&#8221;none&#8221; row_border_radius_applies=&#8221;bg&#8221; overlay_strength=&#8221;0.3&#8243; gradient_direction=&#8221;left_to_right&#8221; shape_divider_position=&#8221;bottom&#8221; bg_image_animation=&#8221;none&#8221;][vc_column column_padding=&#8221;padding-10-percent&#8221; column_padding_tablet=&#8221;inherit&#8221; column_padding_phone=&#8221;inherit&#8221; column_padding_position=&#8221;all&#8221; column_element_spacing=&#8221;default&#8221; background_color_opacity=&#8221;1&#8243; background_hover_color_opacity=&#8221;1&#8243; column_shadow=&#8221;none&#8221; column_border_radius=&#8221;none&#8221; column_link_target=&#8221;_self&#8221; gradient_direction=&#8221;left_to_right&#8221;&#8230;<\/p>\n","protected":false},"author":1,"featured_media":0,"parent":0,"menu_order":0,"comment_status":"closed","ping_status":"closed","template":"","meta":{"footnotes":""},"aioseo_notices":[],"_links":{"self":[{"href":"https:\/\/linxbalears.com\/en\/wp-json\/wp\/v2\/pages\/6834"}],"collection":[{"href":"https:\/\/linxbalears.com\/en\/wp-json\/wp\/v2\/pages"}],"about":[{"href":"https:\/\/linxbalears.com\/en\/wp-json\/wp\/v2\/types\/page"}],"author":[{"embeddable":true,"href":"https:\/\/linxbalears.com\/en\/wp-json\/wp\/v2\/users\/1"}],"replies":[{"embeddable":true,"href":"https:\/\/linxbalears.com\/en\/wp-json\/wp\/v2\/comments?post=6834"}],"version-history":[{"count":9,"href":"https:\/\/linxbalears.com\/en\/wp-json\/wp\/v2\/pages\/6834\/revisions"}],"predecessor-version":[{"id":7267,"href":"https:\/\/linxbalears.com\/en\/wp-json\/wp\/v2\/pages\/6834\/revisions\/7267"}],"wp:attachment":[{"href":"https:\/\/linxbalears.com\/en\/wp-json\/wp\/v2\/media?parent=6834"}],"curies":[{"name":"wp","href":"https:\/\/api.w.org\/{rel}","templated":true}]}}