{"id":6841,"date":"2021-08-05T09:06:28","date_gmt":"2021-08-05T09:06:28","guid":{"rendered":"http:\/\/linxbalears.com\/servicios\/"},"modified":"2021-09-24T10:36:31","modified_gmt":"2021-09-24T10:36:31","slug":"dienstleistungen","status":"publish","type":"page","link":"https:\/\/linxbalears.com\/de\/dienstleistungen\/","title":{"rendered":"DIENSTLEISTUNGEN"},"content":{"rendered":"[vc_row type=&#8220;full_width_content&#8220; full_screen_row_position=&#8220;middle&#8220; column_margin=&#8220;default&#8220; equal_height=&#8220;yes&#8220; content_placement=&#8220;middle&#8220; column_direction=&#8220;default&#8220; column_direction_tablet=&#8220;default&#8220; column_direction_phone=&#8220;default&#8220; bg_color=&#8220;#ffffff&#8220; scene_position=&#8220;center&#8220; text_color=&#8220;dark&#8220; text_align=&#8220;left&#8220; row_border_radius=&#8220;none&#8220; row_border_radius_applies=&#8220;bg&#8220; overlay_strength=&#8220;0.3&#8243; gradient_direction=&#8220;left_to_right&#8220; shape_divider_position=&#8220;bottom&#8220; bg_image_animation=&#8220;none&#8220;][vc_column column_padding=&#8220;padding-10-percent&#8220; column_padding_tablet=&#8220;inherit&#8220; column_padding_phone=&#8220;inherit&#8220; column_padding_position=&#8220;all&#8220; column_element_spacing=&#8220;default&#8220; background_color_opacity=&#8220;1&#8243; background_hover_color_opacity=&#8220;1&#8243; column_shadow=&#8220;none&#8220; column_border_radius=&#8220;none&#8220; column_link_target=&#8220;_self&#8220; gradient_direction=&#8220;left_to_right&#8220; overlay_strength=&#8220;0.3&#8243; width=&#8220;1\/2&#8243; tablet_width_inherit=&#8220;default&#8220; tablet_text_alignment=&#8220;default&#8220; phone_text_alignment=&#8220;default&#8220; bg_image_animation=&#8220;none&#8220; border_type=&#8220;simple&#8220; column_border_width=&#8220;none&#8220; column_border_style=&#8220;solid&#8220;][vc_row_inner column_margin=&#8220;default&#8220; column_direction=&#8220;default&#8220; column_direction_tablet=&#8220;default&#8220; column_direction_phone=&#8220;default&#8220; text_align=&#8220;left&#8220;][vc_column_inner column_padding=&#8220;no-extra-padding&#8220; column_padding_tablet=&#8220;inherit&#8220; column_padding_phone=&#8220;inherit&#8220; column_padding_position=&#8220;all&#8220; column_element_spacing=&#8220;default&#8220; background_color_opacity=&#8220;1&#8243; background_hover_color_opacity=&#8220;1&#8243; column_shadow=&#8220;none&#8220; column_border_radius=&#8220;none&#8220; column_link_target=&#8220;_self&#8220; gradient_direction=&#8220;left_to_right&#8220; overlay_strength=&#8220;0.3&#8243; width=&#8220;1\/1&#8243; tablet_width_inherit=&#8220;default&#8220; bg_image_animation=&#8220;none&#8220; enable_animation=&#8220;true&#8220; animation=&#8220;fade-in-from-bottom&#8220; border_type=&#8220;simple&#8220; column_border_width=&#8220;none&#8220; column_border_style=&#8220;solid&#8220;][vc_column_text]Wir sind der OFFIZIELLE Vertragsh\u00e4ndler verschiedener Baumarken wie WEBER, GUR\u00da, ARDEX, FILA und SIKA. Unser Ziel ist eine kundennahe und gleichzeitig professionelle Beratung. Aus diesem Grund entscheiden sich ALLE unsere Kunden f\u00fcr Weiterverfolgung, \u00dcberpr\u00fcfung und technische Bindung, damit wir Ihnen jederzeit helfen und so eine schnelle Antwort auf das Problem zu geben k\u00f6nnen.[\/vc_column_text][\/vc_column_inner][\/vc_row_inner][\/vc_column][vc_column column_padding=&#8220;no-extra-padding&#8220; column_padding_tablet=&#8220;inherit&#8220; column_padding_phone=&#8220;inherit&#8220; column_padding_position=&#8220;all&#8220; column_element_spacing=&#8220;default&#8220; background_color_opacity=&#8220;1&#8243; background_hover_color_opacity=&#8220;1&#8243; column_shadow=&#8220;none&#8220; column_border_radius=&#8220;none&#8220; column_link_target=&#8220;_self&#8220; gradient_direction=&#8220;left_to_right&#8220; overlay_strength=&#8220;0.3&#8243; width=&#8220;1\/2&#8243; tablet_width_inherit=&#8220;default&#8220; tablet_text_alignment=&#8220;default&#8220; phone_text_alignment=&#8220;default&#8220; bg_image_animation=&#8220;none&#8220; border_type=&#8220;simple&#8220; column_border_width=&#8220;none&#8220; column_border_style=&#8220;solid&#8220;]<div  data-transition=\"slide\" data-overall_style=\"classic\" data-flexible-height=\"\" data-animate-in-effect=\"fade-in\" data-fullscreen=\"false\" data-button-sizing=\"regular\" data-button-styling=\"btn_with_count\" data-autorotate=\"5000\" data-parallax=\"false\" data-parallax-disable-mobile=\"\" data-caption-trans=\"fade_in_from_bottom\" data-parallax-style=\"bg_only\" data-bg-animation=\"none\" data-full-width=\"false\" class=\"nectar-slider-wrap \" id=\"nectar-slider-instance-1\"><div class=\"swiper-container\"  data-tho=\"auto\" data-tco=\"auto\" data-pho=\"auto\" data-pco=\"auto\" data-loop=\"true\" data-height=\"650\" data-min-height=\"\" data-arrows=\"true\" data-bullets=\"false\" data-bullet_style=\"see_through\" data-bullet_position=\"bottom\" data-desktop-swipe=\"true\" data-settings=\"\"> <div class=\"swiper-wrapper\"><div class=\"swiper-slide\" data-desktop-content-width=\"auto\" data-tablet-content-width=\"auto\" data-bg-alignment=\"center\" data-color-scheme=\"light\" data-x-pos=\"left\" data-y-pos=\"middle\" ><div class=\"slide-bg-wrap\"><div class=\"image-bg\" style=\"background-image: url(https:\/\/linxbalears.com\/wp-content\/uploads\/2021\/09\/FSB5802-scaled.jpg);\"> &nbsp; <\/div><\/div><div class=\"video-texture \"> <span class=\"ie-fix\"><\/span> <\/div><\/div> <!--\/swiper-slide--><div class=\"swiper-slide\" data-desktop-content-width=\"auto\" data-tablet-content-width=\"auto\" data-bg-alignment=\"center\" data-color-scheme=\"light\" data-x-pos=\"left\" data-y-pos=\"middle\" ><div class=\"slide-bg-wrap\"><div class=\"image-bg\" style=\"background-image: url(https:\/\/linxbalears.com\/wp-content\/uploads\/2021\/09\/FSB5811.jpg);\"> &nbsp; <\/div><\/div><div class=\"video-texture \"> <span class=\"ie-fix\"><\/span> <\/div><\/div> <!--\/swiper-slide--><\/div><a href=\"\" class=\"slider-prev\"><i class=\"icon-salient-left-arrow\"><\/i> <div class=\"slide-count\"> <span class=\"slide-current\">1<\/span> <i class=\"icon-salient-right-line\"><\/i> <span class=\"slide-total\"><\/span> <\/div> <\/a>\r\n\t\t\t\t\t\t<a href=\"\" class=\"slider-next\"><i class=\"icon-salient-right-arrow\"><\/i> <div class=\"slide-count\"> <span class=\"slide-current\">1<\/span> <i class=\"icon-salient-right-line\"><\/i> <span class=\"slide-total\"><\/span> <\/div> <\/a><div class=\"nectar-slider-loading \"> <span class=\"loading-icon none\">   <\/span> <\/div> <\/div> \r\n\t\t\t\t\t\r\n\t\t\t\t\t<\/div>[\/vc_column][\/vc_row][vc_row type=&#8220;full_width_content&#8220; full_screen_row_position=&#8220;middle&#8220; column_margin=&#8220;default&#8220; equal_height=&#8220;yes&#8220; content_placement=&#8220;middle&#8220; column_direction=&#8220;default&#8220; column_direction_tablet=&#8220;default&#8220; column_direction_phone=&#8220;default&#8220; bg_color=&#8220;#ffffff&#8220; scene_position=&#8220;center&#8220; text_color=&#8220;dark&#8220; text_align=&#8220;left&#8220; row_border_radius=&#8220;none&#8220; row_border_radius_applies=&#8220;bg&#8220; overlay_strength=&#8220;0.3&#8243; gradient_direction=&#8220;left_to_right&#8220; shape_divider_position=&#8220;bottom&#8220; bg_image_animation=&#8220;none&#8220;][vc_column column_padding=&#8220;no-extra-padding&#8220; column_padding_tablet=&#8220;inherit&#8220; column_padding_phone=&#8220;inherit&#8220; column_padding_position=&#8220;all&#8220; column_element_spacing=&#8220;default&#8220; background_color_opacity=&#8220;1&#8243; background_hover_color_opacity=&#8220;1&#8243; background_image=&#8220;7096&#8243; background_image_position=&#8220;center center&#8220; enable_bg_scale=&#8220;true&#8220; background_image_loading=&#8220;default&#8220; column_shadow=&#8220;none&#8220; column_border_radius=&#8220;none&#8220; column_link_target=&#8220;_self&#8220; gradient_direction=&#8220;left_to_right&#8220; overlay_strength=&#8220;0.3&#8243; width=&#8220;1\/2&#8243; tablet_width_inherit=&#8220;default&#8220; tablet_text_alignment=&#8220;default&#8220; phone_text_alignment=&#8220;default&#8220; bg_image_animation=&#8220;none&#8220; border_type=&#8220;simple&#8220; column_border_width=&#8220;none&#8220; column_border_style=&#8220;solid&#8220;][\/vc_column][vc_column column_padding=&#8220;padding-10-percent&#8220; column_padding_tablet=&#8220;inherit&#8220; column_padding_phone=&#8220;inherit&#8220; column_padding_position=&#8220;all&#8220; column_element_spacing=&#8220;default&#8220; background_color_opacity=&#8220;1&#8243; background_hover_color_opacity=&#8220;1&#8243; column_shadow=&#8220;none&#8220; column_border_radius=&#8220;none&#8220; column_link_target=&#8220;_self&#8220; gradient_direction=&#8220;left_to_right&#8220; overlay_strength=&#8220;0.3&#8243; width=&#8220;1\/2&#8243; tablet_width_inherit=&#8220;default&#8220; tablet_text_alignment=&#8220;default&#8220; phone_text_alignment=&#8220;default&#8220; bg_image_animation=&#8220;none&#8220; border_type=&#8220;simple&#8220; column_border_width=&#8220;none&#8220; column_border_style=&#8220;solid&#8220;][vc_row_inner column_margin=&#8220;default&#8220; column_direction=&#8220;default&#8220; column_direction_tablet=&#8220;default&#8220; column_direction_phone=&#8220;default&#8220; text_align=&#8220;left&#8220;][vc_column_inner column_padding=&#8220;no-extra-padding&#8220; column_padding_tablet=&#8220;inherit&#8220; column_padding_phone=&#8220;inherit&#8220; column_padding_position=&#8220;all&#8220; column_element_spacing=&#8220;default&#8220; background_color_opacity=&#8220;1&#8243; background_hover_color_opacity=&#8220;1&#8243; column_shadow=&#8220;none&#8220; column_border_radius=&#8220;none&#8220; column_link_target=&#8220;_self&#8220; gradient_direction=&#8220;left_to_right&#8220; overlay_strength=&#8220;0.3&#8243; width=&#8220;1\/1&#8243; tablet_width_inherit=&#8220;default&#8220; bg_image_animation=&#8220;none&#8220; enable_animation=&#8220;true&#8220; animation=&#8220;fade-in-from-bottom&#8220; border_type=&#8220;simple&#8220; column_border_width=&#8220;none&#8220; column_border_style=&#8220;solid&#8220;][vc_column_text]\n<h2><span style=\"color: #262849;\">PHILOSOPHIE<\/span><\/h2>\n[\/vc_column_text][divider line_type=&#8220;No Line&#8220; custom_height=&#8220;20&#8243;][vc_column_text]Bei Linx Balears haben wir seit jeher auf die Spezialisierung auf eine enge technische Beratung mit dem Kunden gesetzt. Wir sagen immer, ein zufriedener Kunde ist derjenige, der wegen der Beratung und der Leichtigkeit, die wir vermitteln, wiederkommt. Aus diesem Grund k\u00f6nnten wir sagen, dass wir das Unternehmen sind, das Bauprobleme l\u00f6st, weil wir den Kunden in den Vordergrund stellen.<\/p>\n<p><strong>\u201eSpezifische Produkte, f\u00fcr spezifische Kunden.\u201c<\/strong>[\/vc_column_text][\/vc_column_inner][\/vc_row_inner][\/vc_column][\/vc_row][vc_row type=&#8220;full_width_background&#8220; full_screen_row_position=&#8220;middle&#8220; column_margin=&#8220;default&#8220; column_direction=&#8220;default&#8220; column_direction_tablet=&#8220;default&#8220; column_direction_phone=&#8220;default&#8220; bg_color=&#8220;#f7f7f7&#8243; scene_position=&#8220;center&#8220; top_padding=&#8220;7%&#8220; bottom_padding=&#8220;7%&#8220; text_color=&#8220;dark&#8220; text_align=&#8220;left&#8220; row_border_radius=&#8220;none&#8220; row_border_radius_applies=&#8220;bg&#8220; overlay_strength=&#8220;0.3&#8243; gradient_direction=&#8220;left_to_right&#8220; shape_divider_position=&#8220;bottom&#8220; bg_image_animation=&#8220;none&#8220; shape_type=&#8220;&#8220;][vc_column column_padding=&#8220;no-extra-padding&#8220; column_padding_tablet=&#8220;inherit&#8220; column_padding_phone=&#8220;inherit&#8220; column_padding_position=&#8220;all&#8220; column_element_spacing=&#8220;default&#8220; background_color_opacity=&#8220;1&#8243; background_hover_color_opacity=&#8220;1&#8243; column_shadow=&#8220;none&#8220; column_border_radius=&#8220;none&#8220; column_link_target=&#8220;_self&#8220; gradient_direction=&#8220;left_to_right&#8220; overlay_strength=&#8220;0.3&#8243; width=&#8220;1\/12&#8243; tablet_width_inherit=&#8220;default&#8220; tablet_text_alignment=&#8220;default&#8220; phone_text_alignment=&#8220;default&#8220; bg_image_animation=&#8220;none&#8220; border_type=&#8220;simple&#8220; column_border_width=&#8220;none&#8220; column_border_style=&#8220;solid&#8220;][\/vc_column][vc_column column_padding=&#8220;no-extra-padding&#8220; column_padding_tablet=&#8220;inherit&#8220; column_padding_phone=&#8220;inherit&#8220; column_padding_position=&#8220;all&#8220; column_element_spacing=&#8220;default&#8220; background_color_opacity=&#8220;1&#8243; background_hover_color_opacity=&#8220;1&#8243; column_shadow=&#8220;none&#8220; column_border_radius=&#8220;none&#8220; column_link_target=&#8220;_self&#8220; gradient_direction=&#8220;left_to_right&#8220; overlay_strength=&#8220;0.3&#8243; width=&#8220;10\/12&#8243; tablet_width_inherit=&#8220;default&#8220; tablet_text_alignment=&#8220;default&#8220; phone_text_alignment=&#8220;default&#8220; bg_image_animation=&#8220;none&#8220; border_type=&#8220;simple&#8220; column_border_width=&#8220;none&#8220; column_border_style=&#8220;solid&#8220;][clients columns=&#8220;4&#8243; hover_effect=&#8220;greyscale_to_color&#8220; additional_padding=&#8220;4&#8243;][client image=&#8220;6157&#8243; url_target=&#8220;_blank&#8220; title=&#8220;Client&#8220; id=&#8220;1632479765310-10&#8243; tab_id=&#8220;1632479765310-0&#8243;] \u00a0[\/client][client image=&#8220;6156&#8243; url_target=&#8220;_blank&#8220; title=&#8220;Client&#8220; id=&#8220;1632479765324-10&#8243; tab_id=&#8220;1632479765325-8&#8243;] \u00a0[\/client][client image=&#8220;6155&#8243; url_target=&#8220;_blank&#8220; title=&#8220;Client&#8220; id=&#8220;1632479765329-6&#8243; tab_id=&#8220;1632479765329-2&#8243;] \u00a0[\/client][client image=&#8220;6154&#8243; url_target=&#8220;_blank&#8220; title=&#8220;Client&#8220; id=&#8220;1632479765339-9&#8243; tab_id=&#8220;1632479765340-6&#8243;] \u00a0[\/client][client image=&#8220;6158&#8243; url_target=&#8220;_blank&#8220; title=&#8220;Client&#8220; id=&#8220;1632479765345-10&#8243; tab_id=&#8220;1632479765345-5&#8243;] \u00a0[\/client][client image=&#8220;6153&#8243; url_target=&#8220;_blank&#8220; title=&#8220;Client&#8220; id=&#8220;1632479765350-3&#8243; tab_id=&#8220;1632479765350-6&#8243;] \u00a0[\/client][client image=&#8220;6165&#8243; url_target=&#8220;_blank&#8220; title=&#8220;Client&#8220; id=&#8220;1632479765360-4&#8243; tab_id=&#8220;1632479765360-4&#8243;] \u00a0[\/client][client image=&#8220;6164&#8243; url_target=&#8220;_blank&#8220; title=&#8220;Client&#8220; id=&#8220;1632479765366-10&#8243; tab_id=&#8220;1632479765366-0&#8243;] \u00a0[\/client][client image=&#8220;6163&#8243; url_target=&#8220;_blank&#8220; title=&#8220;Client&#8220; id=&#8220;1632479765377-7&#8243; tab_id=&#8220;1632479765377-8&#8243;] \u00a0[\/client][client image=&#8220;6162&#8243; url_target=&#8220;_blank&#8220; title=&#8220;Client&#8220; id=&#8220;1632479765387-5&#8243; tab_id=&#8220;1632479765387-5&#8243;] \u00a0[\/client][client image=&#8220;6161&#8243; url_target=&#8220;_blank&#8220; title=&#8220;Client&#8220; id=&#8220;1632479765400-7&#8243; tab_id=&#8220;1632479765401-2&#8243;] \u00a0[\/client][client image=&#8220;6179&#8243; url_target=&#8220;_blank&#8220; title=&#8220;Client&#8220; id=&#8220;1632479765414-2&#8243; tab_id=&#8220;1632479765414-10&#8243;] \u00a0[\/client][client image=&#8220;6178&#8243; url_target=&#8220;_blank&#8220; title=&#8220;Client&#8220; id=&#8220;1632479765426-5&#8243; tab_id=&#8220;1632479765427-3&#8243;] \u00a0[\/client][client image=&#8220;6177&#8243; url_target=&#8220;_blank&#8220; title=&#8220;Client&#8220; id=&#8220;1632479765436-6&#8243; tab_id=&#8220;1632479765436-5&#8243;] \u00a0[\/client][client image=&#8220;6176&#8243; url_target=&#8220;_blank&#8220; title=&#8220;Client&#8220; id=&#8220;1632479765449-4&#8243; tab_id=&#8220;1632479765450-9&#8243;] \u00a0[\/client][client image=&#8220;6175&#8243; url_target=&#8220;_blank&#8220; title=&#8220;Client&#8220; id=&#8220;1632479765457-10&#8243; tab_id=&#8220;1632479765457-0&#8243;] \u00a0[\/client][client image=&#8220;6174&#8243; url_target=&#8220;_blank&#8220; title=&#8220;Client&#8220; id=&#8220;1632479765465-8&#8243; tab_id=&#8220;1632479765465-5&#8243;] \u00a0[\/client][client image=&#8220;6173&#8243; url_target=&#8220;_blank&#8220; title=&#8220;Client&#8220; id=&#8220;1632479765475-8&#8243; tab_id=&#8220;1632479765475-4&#8243;] \u00a0[\/client][client image=&#8220;6172&#8243; url_target=&#8220;_blank&#8220; title=&#8220;Client&#8220; id=&#8220;1632479765488-5&#8243; tab_id=&#8220;1632479765488-6&#8243;] \u00a0[\/client][client image=&#8220;6171&#8243; url_target=&#8220;_blank&#8220; title=&#8220;Client&#8220; id=&#8220;1632479765496-0&#8243; tab_id=&#8220;1632479765496-3&#8243;] \u00a0[\/client][client image=&#8220;6170&#8243; url_target=&#8220;_blank&#8220; title=&#8220;Client&#8220; id=&#8220;1632479765505-7&#8243; tab_id=&#8220;1632479765505-0&#8243;] \u00a0[\/client][client image=&#8220;6169&#8243; url_target=&#8220;_blank&#8220; title=&#8220;Client&#8220; id=&#8220;1632479765514-9&#8243; tab_id=&#8220;1632479765514-2&#8243;] \u00a0[\/client][client image=&#8220;6168&#8243; url_target=&#8220;_blank&#8220; title=&#8220;Client&#8220; id=&#8220;1632479765523-4&#8243; tab_id=&#8220;1632479765523-5&#8243;] \u00a0[\/client][client image=&#8220;6167&#8243; url_target=&#8220;_blank&#8220; title=&#8220;Client&#8220; id=&#8220;1632479765539-0&#8243; tab_id=&#8220;1632479765539-7&#8243;] \u00a0[\/client][\/clients][\/vc_column][vc_column column_padding=&#8220;no-extra-padding&#8220; column_padding_tablet=&#8220;inherit&#8220; column_padding_phone=&#8220;inherit&#8220; column_padding_position=&#8220;all&#8220; column_element_spacing=&#8220;default&#8220; background_color_opacity=&#8220;1&#8243; background_hover_color_opacity=&#8220;1&#8243; column_shadow=&#8220;none&#8220; column_border_radius=&#8220;none&#8220; column_link_target=&#8220;_self&#8220; gradient_direction=&#8220;left_to_right&#8220; overlay_strength=&#8220;0.3&#8243; width=&#8220;1\/12&#8243; tablet_width_inherit=&#8220;default&#8220; tablet_text_alignment=&#8220;default&#8220; phone_text_alignment=&#8220;default&#8220; bg_image_animation=&#8220;none&#8220; border_type=&#8220;simple&#8220; column_border_width=&#8220;none&#8220; column_border_style=&#8220;solid&#8220;][\/vc_column][\/vc_row]\n","protected":false},"excerpt":{"rendered":"<p>[vc_row type=&#8220;full_width_content&#8220; full_screen_row_position=&#8220;middle&#8220; column_margin=&#8220;default&#8220; equal_height=&#8220;yes&#8220; content_placement=&#8220;middle&#8220; column_direction=&#8220;default&#8220; column_direction_tablet=&#8220;default&#8220; column_direction_phone=&#8220;default&#8220; bg_color=&#8220;#ffffff&#8220; scene_position=&#8220;center&#8220; text_color=&#8220;dark&#8220; text_align=&#8220;left&#8220; row_border_radius=&#8220;none&#8220; row_border_radius_applies=&#8220;bg&#8220; overlay_strength=&#8220;0.3&#8243; gradient_direction=&#8220;left_to_right&#8220; shape_divider_position=&#8220;bottom&#8220; bg_image_animation=&#8220;none&#8220;][vc_column column_padding=&#8220;padding-10-percent&#8220; column_padding_tablet=&#8220;inherit&#8220; column_padding_phone=&#8220;inherit&#8220; column_padding_position=&#8220;all&#8220; column_element_spacing=&#8220;default&#8220; background_color_opacity=&#8220;1&#8243; background_hover_color_opacity=&#8220;1&#8243; column_shadow=&#8220;none&#8220; column_border_radius=&#8220;none&#8220; column_link_target=&#8220;_self&#8220; gradient_direction=&#8220;left_to_right&#8220;&#8230;<\/p>\n","protected":false},"author":1,"featured_media":0,"parent":0,"menu_order":0,"comment_status":"closed","ping_status":"closed","template":"","meta":{"footnotes":""},"aioseo_notices":[],"_links":{"self":[{"href":"https:\/\/linxbalears.com\/de\/wp-json\/wp\/v2\/pages\/6841"}],"collection":[{"href":"https:\/\/linxbalears.com\/de\/wp-json\/wp\/v2\/pages"}],"about":[{"href":"https:\/\/linxbalears.com\/de\/wp-json\/wp\/v2\/types\/page"}],"author":[{"embeddable":true,"href":"https:\/\/linxbalears.com\/de\/wp-json\/wp\/v2\/users\/1"}],"replies":[{"embeddable":true,"href":"https:\/\/linxbalears.com\/de\/wp-json\/wp\/v2\/comments?post=6841"}],"version-history":[{"count":4,"href":"https:\/\/linxbalears.com\/de\/wp-json\/wp\/v2\/pages\/6841\/revisions"}],"predecessor-version":[{"id":7100,"href":"https:\/\/linxbalears.com\/de\/wp-json\/wp\/v2\/pages\/6841\/revisions\/7100"}],"wp:attachment":[{"href":"https:\/\/linxbalears.com\/de\/wp-json\/wp\/v2\/media?parent=6841"}],"curies":[{"name":"wp","href":"https:\/\/api.w.org\/{rel}","templated":true}]}}