{"id":6835,"date":"2021-08-04T10:19:27","date_gmt":"2021-08-04T10:19:27","guid":{"rendered":"http:\/\/linxbalears.com\/nosotros\/"},"modified":"2021-10-10T22:08:57","modified_gmt":"2021-10-10T22:08:57","slug":"ueber-uns","status":"publish","type":"page","link":"https:\/\/linxbalears.com\/de\/ueber-uns\/","title":{"rendered":"\u00dcBER UNS"},"content":{"rendered":"[vc_row type=&#8220;full_width_content&#8220; full_screen_row_position=&#8220;middle&#8220; column_margin=&#8220;default&#8220; equal_height=&#8220;yes&#8220; content_placement=&#8220;middle&#8220; column_direction=&#8220;default&#8220; column_direction_tablet=&#8220;default&#8220; column_direction_phone=&#8220;default&#8220; bg_color=&#8220;#ffffff&#8220; scene_position=&#8220;center&#8220; text_color=&#8220;dark&#8220; text_align=&#8220;left&#8220; row_border_radius=&#8220;none&#8220; row_border_radius_applies=&#8220;bg&#8220; overlay_strength=&#8220;0.3&#8243; gradient_direction=&#8220;left_to_right&#8220; shape_divider_position=&#8220;bottom&#8220; bg_image_animation=&#8220;none&#8220; shape_type=&#8220;&#8220;][vc_column column_padding=&#8220;padding-10-percent&#8220; column_padding_tablet=&#8220;inherit&#8220; column_padding_phone=&#8220;inherit&#8220; column_padding_position=&#8220;all&#8220; column_element_spacing=&#8220;default&#8220; background_color_opacity=&#8220;1&#8243; background_hover_color_opacity=&#8220;1&#8243; column_shadow=&#8220;none&#8220; column_border_radius=&#8220;none&#8220; column_link_target=&#8220;_self&#8220; gradient_direction=&#8220;left_to_right&#8220; overlay_strength=&#8220;0.3&#8243; width=&#8220;1\/2&#8243; tablet_width_inherit=&#8220;default&#8220; tablet_text_alignment=&#8220;default&#8220; phone_text_alignment=&#8220;default&#8220; bg_image_animation=&#8220;none&#8220; border_type=&#8220;simple&#8220; column_border_width=&#8220;none&#8220; column_border_style=&#8220;solid&#8220;][vc_row_inner column_margin=&#8220;default&#8220; column_direction=&#8220;default&#8220; column_direction_tablet=&#8220;default&#8220; column_direction_phone=&#8220;default&#8220; text_align=&#8220;left&#8220;][vc_column_inner column_padding=&#8220;no-extra-padding&#8220; column_padding_tablet=&#8220;inherit&#8220; column_padding_phone=&#8220;inherit&#8220; column_padding_position=&#8220;all&#8220; column_element_spacing=&#8220;default&#8220; background_color_opacity=&#8220;1&#8243; background_hover_color_opacity=&#8220;1&#8243; column_shadow=&#8220;none&#8220; column_border_radius=&#8220;none&#8220; column_link_target=&#8220;_self&#8220; gradient_direction=&#8220;left_to_right&#8220; overlay_strength=&#8220;0.3&#8243; width=&#8220;1\/1&#8243; tablet_width_inherit=&#8220;default&#8220; bg_image_animation=&#8220;none&#8220; enable_animation=&#8220;true&#8220; animation=&#8220;fade-in-from-bottom&#8220; border_type=&#8220;simple&#8220; column_border_width=&#8220;none&#8220; column_border_style=&#8220;solid&#8220;][vc_column_text]\n<h2><span style=\"color: #262849;\">\u00dcBER UNS<\/span><\/h2>\n[\/vc_column_text][divider line_type=&#8220;No Line&#8220; custom_height=&#8220;20&#8243;][vc_column_text]Wir sind ein auf Spezialprodukte f\u00fcr den Bau spezialisiertes Unternehmen, das sich in der Stra\u00dfe Carrer del Quatre de Novembre 18 in Palma de Mallorca befindet. Wir zeichnen uns durch die enge Zusammenarbeit mit unseren Kunden aus und sind ein Unternehmen, das seit mehr als 25 Jahren existiert und sich innerhalb der Branche st\u00e4ndig erneuert. Mittels Studien, Behandlungen und Lernprozessen passen wir uns fortw\u00e4hrend an die Produkte des Marktes an. \u00a0Das Unternehmen besteht aus einem Team von 10 Mitarbeitern, das wir heute unsere Familie nennen.[\/vc_column_text][\/vc_column_inner][\/vc_row_inner][\/vc_column][vc_column column_padding=&#8220;no-extra-padding&#8220; column_padding_tablet=&#8220;inherit&#8220; column_padding_phone=&#8220;inherit&#8220; column_padding_position=&#8220;all&#8220; column_element_spacing=&#8220;default&#8220; background_color_opacity=&#8220;1&#8243; background_hover_color_opacity=&#8220;1&#8243; background_image=&#8220;7111&#8243; background_image_position=&#8220;left center&#8220; enable_bg_scale=&#8220;true&#8220; background_image_loading=&#8220;default&#8220; column_shadow=&#8220;none&#8220; column_border_radius=&#8220;none&#8220; column_link_target=&#8220;_self&#8220; gradient_direction=&#8220;left_to_right&#8220; overlay_strength=&#8220;0.3&#8243; width=&#8220;1\/2&#8243; tablet_width_inherit=&#8220;default&#8220; tablet_text_alignment=&#8220;default&#8220; phone_text_alignment=&#8220;default&#8220; bg_image_animation=&#8220;none&#8220; border_type=&#8220;simple&#8220; column_border_width=&#8220;none&#8220; column_border_style=&#8220;solid&#8220;][\/vc_column][\/vc_row][vc_row type=&#8220;full_width_content&#8220; full_screen_row_position=&#8220;middle&#8220; column_margin=&#8220;default&#8220; equal_height=&#8220;yes&#8220; content_placement=&#8220;middle&#8220; column_direction=&#8220;default&#8220; column_direction_tablet=&#8220;default&#8220; column_direction_phone=&#8220;default&#8220; bg_color=&#8220;#ffffff&#8220; scene_position=&#8220;center&#8220; text_color=&#8220;dark&#8220; text_align=&#8220;left&#8220; row_border_radius=&#8220;none&#8220; row_border_radius_applies=&#8220;bg&#8220; overlay_strength=&#8220;0.3&#8243; gradient_direction=&#8220;left_to_right&#8220; shape_divider_position=&#8220;bottom&#8220; bg_image_animation=&#8220;none&#8220;][vc_column column_padding=&#8220;no-extra-padding&#8220; column_padding_tablet=&#8220;inherit&#8220; column_padding_phone=&#8220;inherit&#8220; column_padding_position=&#8220;all&#8220; column_element_spacing=&#8220;default&#8220; background_color_opacity=&#8220;1&#8243; background_hover_color_opacity=&#8220;1&#8243; background_image=&#8220;6679&#8243; background_image_position=&#8220;center center&#8220; enable_bg_scale=&#8220;true&#8220; background_image_loading=&#8220;default&#8220; column_shadow=&#8220;none&#8220; column_border_radius=&#8220;none&#8220; column_link_target=&#8220;_self&#8220; gradient_direction=&#8220;left_to_right&#8220; overlay_strength=&#8220;0.3&#8243; width=&#8220;1\/2&#8243; tablet_width_inherit=&#8220;default&#8220; tablet_text_alignment=&#8220;default&#8220; phone_text_alignment=&#8220;default&#8220; bg_image_animation=&#8220;none&#8220; border_type=&#8220;simple&#8220; column_border_width=&#8220;none&#8220; column_border_style=&#8220;solid&#8220; offset=&#8220;vc_hidden-sm vc_hidden-xs&#8220;][\/vc_column][vc_column column_padding=&#8220;padding-10-percent&#8220; column_padding_tablet=&#8220;inherit&#8220; column_padding_phone=&#8220;inherit&#8220; column_padding_position=&#8220;all&#8220; column_element_spacing=&#8220;default&#8220; background_color_opacity=&#8220;1&#8243; background_hover_color_opacity=&#8220;1&#8243; column_shadow=&#8220;none&#8220; column_border_radius=&#8220;none&#8220; column_link_target=&#8220;_self&#8220; gradient_direction=&#8220;left_to_right&#8220; overlay_strength=&#8220;0.3&#8243; width=&#8220;1\/2&#8243; tablet_width_inherit=&#8220;default&#8220; tablet_text_alignment=&#8220;default&#8220; phone_text_alignment=&#8220;default&#8220; bg_image_animation=&#8220;none&#8220; border_type=&#8220;simple&#8220; column_border_width=&#8220;none&#8220; column_border_style=&#8220;solid&#8220;][vc_row_inner column_margin=&#8220;default&#8220; column_direction=&#8220;default&#8220; column_direction_tablet=&#8220;default&#8220; column_direction_phone=&#8220;default&#8220; text_align=&#8220;left&#8220;][vc_column_inner column_padding=&#8220;no-extra-padding&#8220; column_padding_tablet=&#8220;inherit&#8220; column_padding_phone=&#8220;inherit&#8220; column_padding_position=&#8220;all&#8220; column_element_spacing=&#8220;default&#8220; background_color_opacity=&#8220;1&#8243; background_hover_color_opacity=&#8220;1&#8243; column_shadow=&#8220;none&#8220; column_border_radius=&#8220;none&#8220; column_link_target=&#8220;_self&#8220; gradient_direction=&#8220;left_to_right&#8220; overlay_strength=&#8220;0.3&#8243; width=&#8220;1\/1&#8243; tablet_width_inherit=&#8220;default&#8220; bg_image_animation=&#8220;none&#8220; enable_animation=&#8220;true&#8220; animation=&#8220;fade-in-from-bottom&#8220; border_type=&#8220;simple&#8220; column_border_width=&#8220;none&#8220; column_border_style=&#8220;solid&#8220;][vc_column_text]\n<h2><span style=\"color: #262849;\">LERNEN SIE UNS EIN WENIG N\u00c4HER KENNEN<\/span><\/h2>\n[\/vc_column_text][divider line_type=&#8220;No Line&#8220; custom_height=&#8220;20&#8243;][vc_column_text]Linx Baleares SL wurde am 26. August 1994 von Don Francisco Sugra\u00f1es Baena gegr\u00fcndet. Ein Vision\u00e4r, der das Bild vor sich sah, eine Vielfalt von Spezialprodukten einzubeziehen, um auf jedes Problem beim Bau eine schnelle und effiziente Antwort zu geben. W\u00e4hrend der Anfangsjahre begann das Unternehmen Beckenumrandungen, Schnellzement und Farbstoffe herzustellen, bis um 31. Dezember 1998. Bis heute ist Farbstoff das Spitzenprodukt des Unternehmens. 1998 wurde es offizieller Vertragsh\u00e4ndler von Ardex auf der Insel Mallorca und von diesem Moment an begann man damit, mehr technische Produkte wie Asphaltgewebe, PVC-Platten und Ardex-M\u00f6rtel anzuliefern.<\/p>\n<p>2004 wurden die Betriebsanlagen erweitert, um eine gr\u00f6\u00dfere technische Vielfalt abdecken zu k\u00f6nnen, und 2008 begannen wir, mit internationalen Lieferanten wie zum Beispiel aus Deutschland und Belgien zu arbeiten. Wir verbesserten unsere Dienstleistungen immer weiter, bis wir 2014 den Sprung schafften und mit der M\u00f6glichkeit begannen, auf nationaler Ebene zu verkaufen, obgleich wir uns auf Inseln spezialisiert haben.<\/p>\n<p>Heute sind wir ein weitgehend konsolidiertes Unternehmen auf dem Balearischen Markt, ohne jedoch unsere Anf\u00e4nge zu vergessen. All dies ist das Ergebnis eines Teams aus gro\u00dfartigen Fachleuten mit langj\u00e4hriger Erfahrung in der Branche, ohne die wir das, was wir heute Linx nennen und f\u00fcr viele eine gro\u00dfe Familie ist, nicht h\u00e4tten erreichen k\u00f6nnen.[\/vc_column_text][\/vc_column_inner][\/vc_row_inner][\/vc_column][\/vc_row][vc_row type=&#8220;full_width_background&#8220; full_screen_row_position=&#8220;middle&#8220; column_margin=&#8220;default&#8220; column_direction=&#8220;default&#8220; column_direction_tablet=&#8220;default&#8220; column_direction_phone=&#8220;default&#8220; bg_color=&#8220;#f7f7f7&#8243; scene_position=&#8220;center&#8220; top_padding=&#8220;1%&#8220; constrain_group_1=&#8220;yes&#8220; bottom_padding=&#8220;1%&#8220; text_color=&#8220;dark&#8220; text_align=&#8220;left&#8220; row_border_radius=&#8220;none&#8220; row_border_radius_applies=&#8220;bg&#8220; id=&#8220;team&#8220; overlay_strength=&#8220;0.3&#8243; gradient_direction=&#8220;left_to_right&#8220; shape_divider_position=&#8220;bottom&#8220; bg_image_animation=&#8220;none&#8220; shape_type=&#8220;&#8220;][vc_column column_padding=&#8220;no-extra-padding&#8220; column_padding_tablet=&#8220;inherit&#8220; column_padding_phone=&#8220;inherit&#8220; column_padding_position=&#8220;all&#8220; column_element_spacing=&#8220;default&#8220; background_color_opacity=&#8220;1&#8243; background_hover_color_opacity=&#8220;1&#8243; column_shadow=&#8220;none&#8220; column_border_radius=&#8220;none&#8220; column_link_target=&#8220;_self&#8220; gradient_direction=&#8220;left_to_right&#8220; overlay_strength=&#8220;0.3&#8243; width=&#8220;1\/1&#8243; tablet_width_inherit=&#8220;default&#8220; tablet_text_alignment=&#8220;default&#8220; phone_text_alignment=&#8220;default&#8220; bg_image_animation=&#8220;none&#8220; border_type=&#8220;simple&#8220; column_border_width=&#8220;none&#8220; column_border_style=&#8220;solid&#8220;][carousel script=&#8220;flickity&#8220; flickity_formatting=&#8220;fixed_text_content_fullwidth&#8220; flickity_fixed_content=&#8220;<\/p>\n<h2>EQUIPO<\/h2>\n<p>Un equipo de personas dedicada y preparadas&#8220; flickity_fixed_content_alignment=&#8220;default&#8220; button_color=&#8220;Accent-Color&#8220; desktop_cols_flickity=&#8220;3&#8243; desktop_small_cols_flickity=&#8220;2&#8243; tablet_cols_flickity=&#8220;1&#8243; color=&#8220;default&#8220; column_padding=&#8220;0&#8243; flickity_element_spacing=&#8220;default&#8220; border_radius=&#8220;10px&#8220;][item simple_slider_bg_image_position=&#8220;default&#8220; simple_slider_overlay_strength=&#8220;0.3&#8243; id=&#8220;1633903620056-4&#8243; title=&#8220;Item&#8220; tab_id=&#8220;1633903620057-8&#8243;][team_member image_url=&#8220;7116&#8243; bio_image_url=&#8220;7119&#8243; team_memeber_style=&#8220;bio_fullscreen&#8220; image_loading=&#8220;default&#8220; team_member_bio_full_html=&#8220;simple&#8220; name=&#8220;JOSE LUIS&#8220; team_member_bio=&#8220;Jos\u00e9 Luis Lobo Mart\u00edn, 23 a\u00f1os en la empresa. Director general de Linx y se encarga de coordinar y supervisar la empresa. El d\u00eda a d\u00eda. Tambi\u00e9n lleva algunas funciones dentro de la contabilidad. Destaca en aconsejar muy bien al cliente. Lo definen como persona que est\u00e1 en todos lados y muy sincero. Destacar\u00eda la empresa como \u201cT\u00e9cnica y con mucho trato humano\u201d.&#8220;][\/team_member][\/item][item simple_slider_bg_image_position=&#8220;default&#8220; simple_slider_overlay_strength=&#8220;0.3&#8243; id=&#8220;1633903620093-2&#8243; title=&#8220;Item&#8220; tab_id=&#8220;1633903620094-4&#8243;][team_member image_url=&#8220;7129&#8243; bio_image_url=&#8220;7132&#8243; team_memeber_style=&#8220;bio_fullscreen&#8220; image_loading=&#8220;default&#8220; team_member_bio_full_html=&#8220;simple&#8220; name=&#8220;FRAN&#8220; team_member_bio=&#8220;Francisco Sugra\u00f1es Salva, 7 a\u00f1os en la empresa. Director financiero, administra los cargos financieros de la empresa, supervisa y controla la empresa. Hijo del fundador Don Paco Sugra\u00f1es. Muy sociable y se adapta muy bien al cliente. Define la empresa \u201cEmpresa muy completa y atenta a cualquier adversidad.\u201d&#8220;][\/team_member][\/item][item simple_slider_bg_image_position=&#8220;default&#8220; simple_slider_overlay_strength=&#8220;0.3&#8243; id=&#8220;1633903620121-9&#8243; title=&#8220;Item&#8220; tab_id=&#8220;1633903620122-3&#8243;][team_member image_url=&#8220;7135&#8243; bio_image_url=&#8220;7138&#8243; team_memeber_style=&#8220;bio_fullscreen&#8220; image_loading=&#8220;default&#8220; team_member_bio_full_html=&#8220;simple&#8220; name=&#8220;XISCO&#8220; team_member_bio=&#8220;Francisco Sugra\u00f1es Salva, 7 a\u00f1os en la empresa. Director financiero, administra los cargos financieros de la empresa, supervisa y controla la empresa. Hijo del fundador Don Paco Sugra\u00f1es. Muy sociable y se adapta muy bien al cliente. Define la empresa \u201cEmpresa muy completa y atenta a cualquier adversidad.\u201d&#8220;][\/team_member][\/item][item simple_slider_bg_image_position=&#8220;default&#8220; simple_slider_overlay_strength=&#8220;0.3&#8243; id=&#8220;1633903620146-8&#8243; title=&#8220;Item&#8220; tab_id=&#8220;1633903620147-7&#8243;][team_member image_url=&#8220;7141&#8243; bio_image_url=&#8220;7144&#8243; team_memeber_style=&#8220;bio_fullscreen&#8220; image_loading=&#8220;default&#8220; team_member_bio_full_html=&#8220;simple&#8220; name=&#8220;ANA&#8220; team_member_bio=&#8220;Ana Paulo P\u00e9rez, 15 a\u00f1os en la empresa. Responsable de la higiene, limpieza y desinfecci\u00f3n de las instalaciones de Linx Balears. La definen como persona muy sociable, humilde, trabajadora, responsable y con gran carisma. Define la empresa como \u201cEmpresa muy profesional con gran facilidad para ayudar al cliente\u201d&#8220;][\/team_member][\/item][item simple_slider_bg_image_position=&#8220;default&#8220; simple_slider_overlay_strength=&#8220;0.3&#8243; id=&#8220;1633903620166-8&#8243; title=&#8220;Item&#8220; tab_id=&#8220;1633903620167-7&#8243;][team_member image_url=&#8220;7123&#8243; bio_image_url=&#8220;7126&#8243; team_memeber_style=&#8220;bio_fullscreen&#8220; image_loading=&#8220;default&#8220; team_member_bio_full_html=&#8220;simple&#8220; name=&#8220;VICTOR&#8220; team_member_bio=&#8220;Victor Jodar Vidal, 6 a\u00f1os en la empresa. Jefe de almac\u00e9n, responsable de supervisar, controlar y gestionar el stock de los productos de nuestros almacenes. Adem\u00e1s de organizar el trabajo como la carga y descarga de productos, la preparaci\u00f3n de pedidos etc\u2026 .Transparente y exigente. Destacar\u00eda la empresa como \u201cUna gran familia\u201d.&#8220;][\/team_member][\/item][item simple_slider_bg_image_position=&#8220;default&#8220; simple_slider_overlay_strength=&#8220;0.3&#8243; id=&#8220;1633903620194-6&#8243; title=&#8220;Item&#8220; tab_id=&#8220;1633903620195-6&#8243;][team_member image_url=&#8220;7147&#8243; bio_image_url=&#8220;7150&#8243; team_memeber_style=&#8220;bio_fullscreen&#8220; image_loading=&#8220;default&#8220; team_member_bio_full_html=&#8220;simple&#8220; name=&#8220;JUANMA&#8220; team_member_bio=&#8220;Juan Manuel Fern\u00e1ndez Legido, a\u00f1os en la empresa. Responsable de administrar, supervisar y gestionar el trato con el cliente. Lo definen como la persona ideal para solucionar cualquier problema. Destacar\u00eda la empresa como \u201cUna gran familia\u201d.&#8220;][\/team_member][\/item][item simple_slider_bg_image_position=&#8220;default&#8220; simple_slider_overlay_strength=&#8220;0.3&#8243; id=&#8220;1633903620221-10&#8243; title=&#8220;Item&#8220; tab_id=&#8220;1633903620222-6&#8243;][team_member image_url=&#8220;7153&#8243; bio_image_url=&#8220;7156&#8243; team_memeber_style=&#8220;bio_fullscreen&#8220; image_loading=&#8220;default&#8220; team_member_bio_full_html=&#8220;simple&#8220; name=&#8220;MANOLO&#8220;][\/team_member][\/item][item simple_slider_bg_image_position=&#8220;default&#8220; simple_slider_overlay_strength=&#8220;0.3&#8243; id=&#8220;1633903620248-4&#8243; title=&#8220;Item&#8220; tab_id=&#8220;1633903620249-4&#8243;][team_member image_url=&#8220;7229&#8243; bio_image_url=&#8220;7162&#8243; team_memeber_style=&#8220;bio_fullscreen&#8220; image_loading=&#8220;default&#8220; team_member_bio_full_html=&#8220;simple&#8220; name=&#8220;GUILLERMO&#8220;][\/team_member][\/item][item simple_slider_bg_image_position=&#8220;default&#8220; simple_slider_overlay_strength=&#8220;0.3&#8243; id=&#8220;1633903620280-2&#8243; title=&#8220;Item&#8220; tab_id=&#8220;1633903620281-2&#8243;][team_member image_url=&#8220;7165&#8243; bio_image_url=&#8220;7168&#8243; team_memeber_style=&#8220;bio_fullscreen&#8220; image_loading=&#8220;default&#8220; team_member_bio_full_html=&#8220;simple&#8220; name=&#8220;ERICK&#8220;][\/team_member][\/item][item simple_slider_bg_image_position=&#8220;default&#8220; simple_slider_overlay_strength=&#8220;0.3&#8243; id=&#8220;1633903620303-0&#8243; title=&#8220;Item&#8220; tab_id=&#8220;1633903620304-0&#8243;][team_member image_url=&#8220;7242&#8243; bio_image_url=&#8220;7245&#8243; team_memeber_style=&#8220;bio_fullscreen&#8220; image_loading=&#8220;default&#8220; team_member_bio_full_html=&#8220;simple&#8220; name=&#8220;JOAN&#8220;][\/team_member][\/item][\/carousel][\/vc_column][\/vc_row][vc_row type=&#8220;full_width_background&#8220; full_screen_row_position=&#8220;middle&#8220; column_margin=&#8220;default&#8220; column_direction=&#8220;default&#8220; column_direction_tablet=&#8220;default&#8220; column_direction_phone=&#8220;default&#8220; bg_color=&#8220;#262849&#8243; bg_image=&#8220;5877&#8243; bg_position=&#8220;left top&#8220; background_image_loading=&#8220;default&#8220; bg_repeat=&#8220;no-repeat&#8220; video_bg=&#8220;use_video&#8220; video_external=&#8220;https:\/\/www.youtube.com\/watch?v=mJHjxWjhg5I&#8220; scene_position=&#8220;center&#8220; top_padding=&#8220;10%&#8220; constrain_group_1=&#8220;yes&#8220; bottom_padding=&#8220;10%&#8220; text_color=&#8220;light&#8220; text_align=&#8220;left&#8220; row_border_radius=&#8220;none&#8220; row_border_radius_applies=&#8220;bg&#8220; color_overlay=&#8220;rgba(10,10,10,0.7)&#8220; overlay_strength=&#8220;0.8&#8243; gradient_direction=&#8220;left_to_right&#8220; shape_divider_position=&#8220;bottom&#8220; shape_divider_height=&#8220;350&#8243; bg_image_animation=&#8220;zoom-out-reveal&#8220; parallax_bg=&#8220;true&#8220; parallax_bg_speed=&#8220;fast&#8220; shape_type=&#8220;mountains&#8220;][vc_column column_padding=&#8220;no-extra-padding&#8220; column_padding_tablet=&#8220;inherit&#8220; column_padding_phone=&#8220;inherit&#8220; column_padding_position=&#8220;all&#8220; column_element_spacing=&#8220;default&#8220; centered_text=&#8220;true&#8220; background_color_opacity=&#8220;1&#8243; background_hover_color_opacity=&#8220;1&#8243; column_shadow=&#8220;none&#8220; column_border_radius=&#8220;none&#8220; column_link_target=&#8220;_self&#8220; gradient_direction=&#8220;left_to_right&#8220; overlay_strength=&#8220;0.3&#8243; width=&#8220;1\/1&#8243; tablet_width_inherit=&#8220;default&#8220; tablet_text_alignment=&#8220;default&#8220; phone_text_alignment=&#8220;default&#8220; bg_image_animation=&#8220;none&#8220; border_type=&#8220;simple&#8220; column_border_width=&#8220;none&#8220; column_border_style=&#8220;solid&#8220;][nectar_video_lightbox link_style=&#8220;play_button_with_text&#8220; nectar_play_button_color=&#8220;Default-Accent-Color&#8220; nectar_play_button_style=&#8220;bordered_top&#8220; font_style=&#8220;h3&#8243; parent_hover_relationship=&#8220;1&#8243; video_url=&#8220;https:\/\/www.youtube.com\/watch?v=mJHjxWjhg5I&#8220; link_text=&#8220;\u00a1Con\u00f3cenos!&#8220;][\/vc_column][\/vc_row]\n","protected":false},"excerpt":{"rendered":"<p>[vc_row type=&#8220;full_width_content&#8220; full_screen_row_position=&#8220;middle&#8220; column_margin=&#8220;default&#8220; equal_height=&#8220;yes&#8220; content_placement=&#8220;middle&#8220; column_direction=&#8220;default&#8220; column_direction_tablet=&#8220;default&#8220; column_direction_phone=&#8220;default&#8220; bg_color=&#8220;#ffffff&#8220; scene_position=&#8220;center&#8220; text_color=&#8220;dark&#8220; text_align=&#8220;left&#8220; row_border_radius=&#8220;none&#8220; row_border_radius_applies=&#8220;bg&#8220; overlay_strength=&#8220;0.3&#8243; gradient_direction=&#8220;left_to_right&#8220; shape_divider_position=&#8220;bottom&#8220; bg_image_animation=&#8220;none&#8220; shape_type=&#8220;&#8220;][vc_column column_padding=&#8220;padding-10-percent&#8220; column_padding_tablet=&#8220;inherit&#8220; column_padding_phone=&#8220;inherit&#8220; column_padding_position=&#8220;all&#8220; column_element_spacing=&#8220;default&#8220; background_color_opacity=&#8220;1&#8243; background_hover_color_opacity=&#8220;1&#8243; column_shadow=&#8220;none&#8220; column_border_radius=&#8220;none&#8220; column_link_target=&#8220;_self&#8220;&#8230;<\/p>\n","protected":false},"author":1,"featured_media":0,"parent":0,"menu_order":0,"comment_status":"closed","ping_status":"closed","template":"","meta":{"footnotes":""},"aioseo_notices":[],"_links":{"self":[{"href":"https:\/\/linxbalears.com\/de\/wp-json\/wp\/v2\/pages\/6835"}],"collection":[{"href":"https:\/\/linxbalears.com\/de\/wp-json\/wp\/v2\/pages"}],"about":[{"href":"https:\/\/linxbalears.com\/de\/wp-json\/wp\/v2\/types\/page"}],"author":[{"embeddable":true,"href":"https:\/\/linxbalears.com\/de\/wp-json\/wp\/v2\/users\/1"}],"replies":[{"embeddable":true,"href":"https:\/\/linxbalears.com\/de\/wp-json\/wp\/v2\/comments?post=6835"}],"version-history":[{"count":9,"href":"https:\/\/linxbalears.com\/de\/wp-json\/wp\/v2\/pages\/6835\/revisions"}],"predecessor-version":[{"id":7265,"href":"https:\/\/linxbalears.com\/de\/wp-json\/wp\/v2\/pages\/6835\/revisions\/7265"}],"wp:attachment":[{"href":"https:\/\/linxbalears.com\/de\/wp-json\/wp\/v2\/media?parent=6835"}],"curies":[{"name":"wp","href":"https:\/\/api.w.org\/{rel}","templated":true}]}}