{"id":6831,"date":"2017-09-01T18:44:54","date_gmt":"2017-09-01T18:44:54","guid":{"rendered":"http:\/\/linxbalears.com\/cursos-y-noticias\/"},"modified":"2021-09-07T07:56:00","modified_gmt":"2021-09-07T07:56:00","slug":"kurse-und-news","status":"publish","type":"page","link":"https:\/\/linxbalears.com\/de\/kurse-und-news\/","title":{"rendered":"KURSE UND NEWS"},"content":{"rendered":"[vc_row type=&#8220;in_container&#8220; full_screen_row_position=&#8220;middle&#8220; column_margin=&#8220;default&#8220; column_direction=&#8220;default&#8220; column_direction_tablet=&#8220;default&#8220; column_direction_phone=&#8220;default&#8220; scene_position=&#8220;center&#8220; top_padding=&#8220;4%&#8220; text_color=&#8220;dark&#8220; text_align=&#8220;left&#8220; row_border_radius=&#8220;none&#8220; row_border_radius_applies=&#8220;bg&#8220; overlay_strength=&#8220;0.3&#8243; gradient_direction=&#8220;left_to_right&#8220; shape_divider_position=&#8220;bottom&#8220; bg_image_animation=&#8220;none&#8220; shape_type=&#8220;&#8220;][vc_column column_padding=&#8220;no-extra-padding&#8220; column_padding_tablet=&#8220;inherit&#8220; column_padding_phone=&#8220;inherit&#8220; column_padding_position=&#8220;all&#8220; column_element_spacing=&#8220;default&#8220; background_color_opacity=&#8220;1&#8243; background_hover_color_opacity=&#8220;1&#8243; column_shadow=&#8220;none&#8220; column_border_radius=&#8220;none&#8220; column_link_target=&#8220;_self&#8220; gradient_direction=&#8220;left_to_right&#8220; overlay_strength=&#8220;0.3&#8243; width=&#8220;1\/1&#8243; tablet_width_inherit=&#8220;default&#8220; tablet_text_alignment=&#8220;default&#8220; phone_text_alignment=&#8220;default&#8220; bg_image_animation=&#8220;none&#8220; border_type=&#8220;simple&#8220; column_border_width=&#8220;none&#8220; column_border_style=&#8220;solid&#8220;][vc_column_text]\n<p style=\"text-align: center;\"><strong>Hier finden Sie ALLE Informationen zu den KURSEN und NEWS \u00fcber uns:<\/strong><\/p>\n[\/vc_column_text][\/vc_column][\/vc_row][vc_row type=&#8220;in_container&#8220; full_screen_row_position=&#8220;middle&#8220; column_margin=&#8220;default&#8220; column_direction=&#8220;default&#8220; column_direction_tablet=&#8220;default&#8220; column_direction_phone=&#8220;default&#8220; scene_position=&#8220;center&#8220; top_padding=&#8220;4%&#8220; text_color=&#8220;dark&#8220; text_align=&#8220;left&#8220; row_border_radius=&#8220;none&#8220; row_border_radius_applies=&#8220;bg&#8220; overlay_strength=&#8220;0.3&#8243; gradient_direction=&#8220;left_to_right&#8220; shape_divider_position=&#8220;bottom&#8220; bg_image_animation=&#8220;none&#8220; shape_type=&#8220;&#8220;][vc_column column_padding=&#8220;no-extra-padding&#8220; column_padding_tablet=&#8220;inherit&#8220; column_padding_phone=&#8220;inherit&#8220; column_padding_position=&#8220;all&#8220; column_element_spacing=&#8220;default&#8220; background_color_opacity=&#8220;1&#8243; background_hover_color_opacity=&#8220;1&#8243; column_shadow=&#8220;none&#8220; column_border_radius=&#8220;none&#8220; column_link_target=&#8220;_self&#8220; gradient_direction=&#8220;left_to_right&#8220; overlay_strength=&#8220;0.3&#8243; width=&#8220;1\/1&#8243; tablet_width_inherit=&#8220;default&#8220; tablet_text_alignment=&#8220;default&#8220; phone_text_alignment=&#8220;default&#8220; bg_image_animation=&#8220;none&#8220; border_type=&#8220;simple&#8220; column_border_width=&#8220;none&#8220; column_border_style=&#8220;solid&#8220;][nectar_post_grid post_type=&#8220;post&#8220; blog_category=&#8220;cursos,noticias&#8220; order=&#8220;DESC&#8220; orderby=&#8220;date&#8220; pagination=&#8220;load-more&#8220; button_color=&#8220;black&#8220; columns=&#8220;3&#8243; grid_item_spacing=&#8220;25px&#8220; grid_item_height=&#8220;30vh&#8220; image_size=&#8220;large&#8220; image_loading=&#8220;default&#8220; animation=&#8220;none&#8220; heading_tag=&#8220;default&#8220; enable_indicator=&#8220;yes&#8220; mouse_indicator_style=&#8220;default&#8220; mouse_indicator_text=&#8220;view&#8220; mouse_indicator_color=&#8220;#000000&#8243; display_categories=&#8220;yes&#8220; category_functionality=&#8220;default&#8220; display_excerpt=&#8220;yes&#8220; grid_style=&#8220;content_under_image&#8220; content_under_image_text_align=&#8220;left&#8220; text_color=&#8220;dark&#8220; hover_effect=&#8220;zoom&#8220; border_radius=&#8220;5px&#8220; posts_per_page=&#8220;6&#8243;][\/vc_column][\/vc_row][vc_row type=&#8220;in_container&#8220; full_screen_row_position=&#8220;middle&#8220; column_margin=&#8220;default&#8220; column_direction=&#8220;default&#8220; column_direction_tablet=&#8220;default&#8220; column_direction_phone=&#8220;default&#8220; scene_position=&#8220;center&#8220; top_padding=&#8220;4%&#8220; text_color=&#8220;dark&#8220; text_align=&#8220;left&#8220; row_border_radius=&#8220;none&#8220; row_border_radius_applies=&#8220;bg&#8220; overlay_strength=&#8220;0.3&#8243; gradient_direction=&#8220;left_to_right&#8220; shape_divider_position=&#8220;bottom&#8220; bg_image_animation=&#8220;none&#8220; shape_type=&#8220;&#8220;][vc_column column_padding=&#8220;no-extra-padding&#8220; column_padding_tablet=&#8220;inherit&#8220; column_padding_phone=&#8220;inherit&#8220; column_padding_position=&#8220;all&#8220; column_element_spacing=&#8220;default&#8220; background_color_opacity=&#8220;1&#8243; background_hover_color_opacity=&#8220;1&#8243; column_shadow=&#8220;none&#8220; column_border_radius=&#8220;none&#8220; column_link_target=&#8220;_self&#8220; gradient_direction=&#8220;left_to_right&#8220; overlay_strength=&#8220;0.3&#8243; width=&#8220;1\/1&#8243; tablet_width_inherit=&#8220;default&#8220; tablet_text_alignment=&#8220;default&#8220; phone_text_alignment=&#8220;default&#8220; bg_image_animation=&#8220;none&#8220; border_type=&#8220;simple&#8220; column_border_width=&#8220;none&#8220; column_border_style=&#8220;solid&#8220;][vc_column_text]<div class=\"cff-wrapper\"><div class=\"cff-wrapper-ctn \" ><div id=\"cff\"  class=\"cff cff-list-container  cff-default-styles  cff-mob-cols-1 cff-tab-cols-1\"   style=\"width:100%;\"   data-char=\"400\"  data-cff-flags=\"gdpr\" ><div class=\"cff-error-msg\">\n\t<div>\n\t\t<i class=\"fa fa-lock\" aria-hidden=\"true\" style=\"margin-right: 5px;\"><\/i><b>Diese Nachricht ist nur f\u00fcr Administratoren sichtbar.<\/b><br\/>\n\t\tProblem bei der Anzeige von Facebook-Beitr\u00e4gen.\t\t\t\t\t<br\/><a href=\"javascript:void(0);\" id=\"cff-show-error\" onclick=\"cffShowError()\">Klicken, um Fehler anzuzeigen<\/a>\n\t\t\t<script type=\"text\/javascript\">function cffShowError() { document.getElementById(\"cff-error-reason\").style.display = \"block\"; document.getElementById(\"cff-show-error\").style.display = \"none\"; }<\/script>\n\t\t\t<\/div>\n\t\t\t<div id=\"cff-error-reason\">\n\t\t\t\t\t\t\t\t\t\t\t\t\t\t\t\t\t\t\t\t\t\t\t\t\t\t\t\t\t\t\t\t\t<b>Fehler:<\/b> F\u00fcr diese Facebook-ID sind keine Beitr\u00e4ge verf\u00fcgbar\t\t\t\t\t\t\t\t\n\t\t\t<\/div>\n\t\t\t\t\n<\/div>\n<div class=\"cff-posts-wrap\"><\/div><input class=\"cff-pag-url\" type=\"hidden\" data-locatornonce=\"bc0074864b\" data-cff-shortcode=\"\" data-post-id=\"6831\" data-feed-id=\"114195627530013\"><\/div><\/div><div class=\"cff-clear\"><\/div><\/div>[\/vc_column_text][\/vc_column][\/vc_row]\n","protected":false},"excerpt":{"rendered":"<p>[vc_row type=&#8220;in_container&#8220; full_screen_row_position=&#8220;middle&#8220; column_margin=&#8220;default&#8220; column_direction=&#8220;default&#8220; column_direction_tablet=&#8220;default&#8220; column_direction_phone=&#8220;default&#8220; scene_position=&#8220;center&#8220; top_padding=&#8220;4%&#8220; text_color=&#8220;dark&#8220; text_align=&#8220;left&#8220; row_border_radius=&#8220;none&#8220; row_border_radius_applies=&#8220;bg&#8220; overlay_strength=&#8220;0.3&#8243; gradient_direction=&#8220;left_to_right&#8220; shape_divider_position=&#8220;bottom&#8220; bg_image_animation=&#8220;none&#8220; shape_type=&#8220;&#8220;][vc_column column_padding=&#8220;no-extra-padding&#8220; column_padding_tablet=&#8220;inherit&#8220; column_padding_phone=&#8220;inherit&#8220; column_padding_position=&#8220;all&#8220; column_element_spacing=&#8220;default&#8220; background_color_opacity=&#8220;1&#8243; background_hover_color_opacity=&#8220;1&#8243; column_shadow=&#8220;none&#8220; column_border_radius=&#8220;none&#8220; column_link_target=&#8220;_self&#8220; gradient_direction=&#8220;left_to_right&#8220; overlay_strength=&#8220;0.3&#8243;&#8230;<\/p>\n","protected":false},"author":1,"featured_media":0,"parent":0,"menu_order":0,"comment_status":"closed","ping_status":"closed","template":"","meta":{"footnotes":""},"aioseo_notices":[],"_links":{"self":[{"href":"https:\/\/linxbalears.com\/de\/wp-json\/wp\/v2\/pages\/6831"}],"collection":[{"href":"https:\/\/linxbalears.com\/de\/wp-json\/wp\/v2\/pages"}],"about":[{"href":"https:\/\/linxbalears.com\/de\/wp-json\/wp\/v2\/types\/page"}],"author":[{"embeddable":true,"href":"https:\/\/linxbalears.com\/de\/wp-json\/wp\/v2\/users\/1"}],"replies":[{"embeddable":true,"href":"https:\/\/linxbalears.com\/de\/wp-json\/wp\/v2\/comments?post=6831"}],"version-history":[{"count":2,"href":"https:\/\/linxbalears.com\/de\/wp-json\/wp\/v2\/pages\/6831\/revisions"}],"predecessor-version":[{"id":6915,"href":"https:\/\/linxbalears.com\/de\/wp-json\/wp\/v2\/pages\/6831\/revisions\/6915"}],"wp:attachment":[{"href":"https:\/\/linxbalears.com\/de\/wp-json\/wp\/v2\/media?parent=6831"}],"curies":[{"name":"wp","href":"https:\/\/api.w.org\/{rel}","templated":true}]}}